{"id":5,"date":"2020-04-20T18:43:10","date_gmt":"2020-04-20T16:43:10","guid":{"rendered":"http:\/\/xavierrousseaux.be\/?page_id=5"},"modified":"2020-09-08T19:46:32","modified_gmt":"2020-09-08T17:46:32","slug":"accueil","status":"publish","type":"page","link":"https:\/\/xavierrousseaux.be\/","title":{"rendered":"Accueil"},"content":{"rendered":"\n<figure class=\"wp-block-image size-large is-resized\"><img loading=\"lazy\" decoding=\"async\" src=\"https:\/\/xavierrousseaux.be\/wp-content\/uploads\/2020\/09\/Bouche_de_d\u00e9nonciation_-_Palais_des_Doges-909x1024.jpg\" alt=\"\" class=\"wp-image-155\" width=\"284\" height=\"319\" srcset=\"https:\/\/xavierrousseaux.be\/wp-content\/uploads\/2020\/09\/Bouche_de_d\u00e9nonciation_-_Palais_des_Doges-909x1024.jpg 909w, https:\/\/xavierrousseaux.be\/wp-content\/uploads\/2020\/09\/Bouche_de_d\u00e9nonciation_-_Palais_des_Doges-266x300.jpg 266w, https:\/\/xavierrousseaux.be\/wp-content\/uploads\/2020\/09\/Bouche_de_d\u00e9nonciation_-_Palais_des_Doges-768x865.jpg 768w, https:\/\/xavierrousseaux.be\/wp-content\/uploads\/2020\/09\/Bouche_de_d\u00e9nonciation_-_Palais_des_Doges-1364x1536.jpg 1364w, https:\/\/xavierrousseaux.be\/wp-content\/uploads\/2020\/09\/Bouche_de_d\u00e9nonciation_-_Palais_des_Doges-1818x2048.jpg 1818w, https:\/\/xavierrousseaux.be\/wp-content\/uploads\/2020\/09\/Bouche_de_d\u00e9nonciation_-_Palais_des_Doges-1200x1352.jpg 1200w\" sizes=\"(max-width: 284px) 85vw, 284px\" \/><figcaption>Bocc\u00e0 della Verit\u00e0<\/figcaption><\/figure>\n\n\n\n<p class=\"has-text-color has-background has-text-align-left has-white-color has-dark-gray-background-color\">Int\u00e9ress\u00e9.e par une approche intelligente du crime, de la justice et de peines.  Vous trouverez des ressources, des r\u00e9flexions et de recherches qui inscrivent le ph\u00e9nom\u00e8ne du crime dans son terreau historique.  Circulez, y a tout \u00e0 voir<\/p>\n\n\n\n<div class=\"wp-block-group\"><div class=\"wp-block-group__inner-container is-layout-flow wp-block-group-is-layout-flow\">\n<h1 class=\"wp-block-heading\">Articles \u00e0 la une !<\/h1>\n\n\n<ul class=\"wp-block-latest-posts__list has-dates aligncenter wp-block-latest-posts\"><\/ul><\/div><\/div>\n","protected":false},"excerpt":{"rendered":"<p>Int\u00e9ress\u00e9.e par une approche intelligente du crime, de la justice et de peines. Vous trouverez des ressources, des r\u00e9flexions et de recherches qui inscrivent le ph\u00e9nom\u00e8ne du crime dans son terreau historique. Circulez, y a tout \u00e0 voir Articles \u00e0 la une !<\/p>\n","protected":false},"author":1,"featured_media":0,"parent":0,"menu_order":0,"comment_status":"closed","ping_status":"closed","template":"","meta":{"footnotes":""},"_links":{"self":[{"href":"https:\/\/xavierrousseaux.be\/index.php\/wp-json\/wp\/v2\/pages\/5"}],"collection":[{"href":"https:\/\/xavierrousseaux.be\/index.php\/wp-json\/wp\/v2\/pages"}],"about":[{"href":"https:\/\/xavierrousseaux.be\/index.php\/wp-json\/wp\/v2\/types\/page"}],"author":[{"embeddable":true,"href":"https:\/\/xavierrousseaux.be\/index.php\/wp-json\/wp\/v2\/users\/1"}],"replies":[{"embeddable":true,"href":"https:\/\/xavierrousseaux.be\/index.php\/wp-json\/wp\/v2\/comments?post=5"}],"version-history":[{"count":11,"href":"https:\/\/xavierrousseaux.be\/index.php\/wp-json\/wp\/v2\/pages\/5\/revisions"}],"predecessor-version":[{"id":162,"href":"https:\/\/xavierrousseaux.be\/index.php\/wp-json\/wp\/v2\/pages\/5\/revisions\/162"}],"wp:attachment":[{"href":"https:\/\/xavierrousseaux.be\/index.php\/wp-json\/wp\/v2\/media?parent=5"}],"curies":[{"name":"wp","href":"https:\/\/api.w.org\/{rel}","templated":true}]}}